{"id":2381,"date":"2018-12-07T16:26:56","date_gmt":"2018-12-07T16:26:56","guid":{"rendered":"https:\/\/www.emoneyflow.com\/fees\/"},"modified":"2020-09-02T13:09:54","modified_gmt":"2020-09-02T11:09:54","slug":"mastercard","status":"publish","type":"page","link":"https:\/\/www.emoneyflow.com\/es\/mastercard\/","title":{"rendered":"MasterCard"},"content":{"rendered":"<p><div class=\"fusion-fullwidth fullwidth-box fusion-builder-row-1 nonhundred-percent-fullwidth non-hundred-percent-height-scrolling\" style=\"--awb-border-radius-top-left:0px;--awb-border-radius-top-right:0px;--awb-border-radius-bottom-right:0px;--awb-border-radius-bottom-left:0px;--awb-padding-top:80px;--awb-flex-wrap:wrap;\" ><div class=\"fusion-builder-row fusion-row\"><div class=\"fusion-layout-column fusion_builder_column fusion-builder-column-0 fusion_builder_column_4_5 4_5 fusion-four-fifth fusion-column-first\" style=\"--awb-bg-size:cover;width:80%;width:calc(80% - ( ( 4% ) * 0.8 ) );margin-right: 4%;\"><div class=\"fusion-column-wrapper fusion-flex-column-wrapper-legacy\"><div class=\"fusion-title title fusion-title-1 fusion-sep-none fusion-title-text fusion-title-size-one\" style=\"--awb-margin-bottom:70px;\"><h1 class=\"fusion-title-heading title-heading-left fusion-responsive-typography-calculated\" style=\"margin:0;--fontSize:48;line-height:1.3;\">Informaci\u00f3n de precios y tarifas<\/h1><\/div><div class=\"fusion-title title fusion-title-2 fusion-sep-none fusion-title-text fusion-title-size-five\" style=\"--awb-margin-bottom:22px;--awb-font-size:23px;\"><h5 class=\"fusion-title-heading title-heading-left fusion-responsive-typography-calculated\" style=\"margin:0;font-size:1em;--fontSize:23;--minFontSize:23;line-height:1.5;\">Cargos para el comerciante<\/h5><\/div><div class=\"fusion-text fusion-text-1\">\n<table id=\"tablepress-5\" class=\"tablepress tablepress-id-5\">\n<thead>\n<tr class=\"row-1\">\n\t<th class=\"column-1\">Tipo de transacci\u00f3n<\/th><th class=\"column-2\">GBP<\/th><th class=\"column-3\">EUR<\/th><th class=\"column-4\">USD<\/th>\n<\/tr>\n<\/thead>\n<tbody class=\"row-striping\">\n<tr class=\"row-2\">\n\t<td class=\"column-1\">Coste por carga de cada tarjeta<\/td><td class=\"column-2\">\u00a31,00<\/td><td class=\"column-3\">\u20ac1.00<\/td><td class=\"column-4\">$1.50<\/td>\n<\/tr>\n<tr class=\"row-3\">\n\t<td class=\"column-1\">Coste por carga de cada tarjeta<br \/>\n(Tarjetas virtuales)<\/td><td class=\"column-2\">\u00a31,00<\/td><td class=\"column-3\">\u20ac1.00<\/td><td class=\"column-4\">$1.50<\/td>\n<\/tr>\n<tr class=\"row-4\">\n\t<td class=\"column-1\">Emisi\u00f3n de tarjeta inicial para tarjeta est\u00e1ndar <br \/>\n(Tarjetas f\u00edsicas)*<\/td><td class=\"column-2\">\u00a30.00<\/td><td class=\"column-3\">\u20ac0.00<\/td><td class=\"column-4\">$0.00<\/td>\n<\/tr>\n<tr class=\"row-5\">\n\t<td class=\"column-1\">Tarifa de emisi\u00f3n de tarjeta compartida (por tarjeta)<\/td><td class=\"column-2\">\u00a37.50<\/td><td class=\"column-3\">--<\/td><td class=\"column-4\">--<\/td>\n<\/tr>\n<tr class=\"row-6\">\n\t<td class=\"column-1\">Tarifa de emisi\u00f3n de tarjeta inicial por tarjeta (tarjetas virtuales)<\/td><td class=\"column-2\">\u00a39.00<\/td><td class=\"column-3\">--<\/td><td class=\"column-4\">--<\/td>\n<\/tr>\n<\/tbody>\n<\/table>\n<!-- #tablepress-5 from cache -->\n<p>*Se aplicar\u00e1 un cargo por emisi\u00f3n de tarjeta si la tarjeta est\u00e1ndar no se carga dentro de 1 mes<\/p>\n<\/div><div class=\"fusion-title title fusion-title-3 fusion-sep-none fusion-title-text fusion-title-size-five\" style=\"--awb-margin-top:30px;--awb-margin-bottom:22px;--awb-font-size:23px;\"><h5 class=\"fusion-title-heading title-heading-left fusion-responsive-typography-calculated\" style=\"margin:0;font-size:1em;--fontSize:23;--minFontSize:23;line-height:1.5;\">Cargos para el titular de la tarjeta<\/h5><\/div><div class=\"fusion-text fusion-text-2\">\n<table id=\"tablepress-6\" class=\"tablepress tablepress-id-6\">\n<thead>\n<tr class=\"row-1\">\n\t<th class=\"column-1\">Tipo de transacci\u00f3n<\/th><th class=\"column-2\">GBP<\/th><th class=\"column-3\">EUR<\/th><th class=\"column-4\">USD<\/th>\n<\/tr>\n<\/thead>\n<tbody class=\"row-striping\">\n<tr class=\"row-2\">\n\t<td class=\"column-1\">Emisi\u00f3n de la tarjeta<br \/>\n(tarjetas f\u00edsicas)<\/td><td class=\"column-2\">\u00a30,00<\/td><td class=\"column-3\">\u20ac0.00<\/td><td class=\"column-4\">$0.00<\/td>\n<\/tr>\n<tr class=\"row-3\">\n\t<td class=\"column-1\">Reemplazo de tarjeta<\/td><td class=\"column-2\">\u00a320<\/td><td class=\"column-3\">\u20ac20<\/td><td class=\"column-4\">$20<\/td>\n<\/tr>\n<tr class=\"row-4\">\n\t<td class=\"column-1\">Tarifa de inactividad**<\/td><td class=\"column-2\">\u00a32.00<\/td><td class=\"column-3\">\u20ac2.00<\/td><td class=\"column-4\">$2.00<\/td>\n<\/tr>\n<tr class=\"row-5\">\n\t<td class=\"column-1\">Punto de venta<\/td><td class=\"column-2\">2%<br \/>\n(min \u00a30.20, <br \/>\nmax \u00a31.50)<\/td><td class=\"column-3\">2%<br \/>\n(min \u20ac0.30, <br \/>\nmax \u20ac2.00)<\/td><td class=\"column-4\">2%<br \/>\n(min $0.40, <br \/>\nmax $2.50)<\/td>\n<\/tr>\n<tr class=\"row-6\">\n\t<td class=\"column-1\">ATM (en la moneda de la tarjeta)<\/td><td class=\"column-2\">\u00a30.75<\/td><td class=\"column-3\">\u20ac1.00<\/td><td class=\"column-4\">$1.00<\/td>\n<\/tr>\n<tr class=\"row-7\">\n\t<td class=\"column-1\">ATM (en otra moneda)<\/td><td class=\"column-2\">\u00a30.95<\/td><td class=\"column-3\">\u20ac1.30<\/td><td class=\"column-4\">$1.50<\/td>\n<\/tr>\n<tr class=\"row-8\">\n\t<td class=\"column-1\">Honorarios de Divisas<\/td><td class=\"column-2\">2.75%<\/td><td class=\"column-3\">2.75%<\/td><td class=\"column-4\">3%<\/td>\n<\/tr>\n<tr class=\"row-9\">\n\t<td class=\"column-1\">Gastos de env\u00edo de la tarjeta<\/td><td class=\"column-2\">\u00a32.00 (Env\u00edo en el Reino Unido)<\/td><td class=\"column-3\">\u20ac2.50<\/td><td class=\"column-4\">--<\/td>\n<\/tr>\n<\/tbody>\n<\/table>\n<!-- #tablepress-6 from cache -->\n<p>**Las tarifas de inactividad se aplicar\u00e1n cada mes despu\u00e9s de 3 meses de inactividad.<\/p>\n<\/div><div class=\"fusion-title title fusion-title-4 fusion-sep-none fusion-title-text fusion-title-size-five\" style=\"--awb-margin-top:30px;--awb-margin-bottom:22px;--awb-font-size:23px;\"><h5 class=\"fusion-title-heading title-heading-left fusion-responsive-typography-calculated\" style=\"margin:0;font-size:1em;--fontSize:23;--minFontSize:23;line-height:1.5;\">L\u00edmites de uso de tarjeta<\/h5><\/div><div class=\"fusion-text fusion-text-3\"><p>Nuestros l\u00edmites est\u00e1ndar de uso de la tarjeta se muestran a continuaci\u00f3n. En circunstancias excepcionales estos pueden ser aumentados.<\/p>\n\n<table id=\"tablepress-7\" class=\"tablepress tablepress-id-7\">\n<thead>\n<tr class=\"row-1\">\n\t<td class=\"column-1\"><\/td><th class=\"column-2\">GBP<\/th><th class=\"column-3\">EUR<\/th><th class=\"column-4\">USD<\/th>\n<\/tr>\n<\/thead>\n<tbody class=\"row-striping\">\n<tr class=\"row-2\">\n\t<td class=\"column-1\">Cantidad m\u00e1xima de carga diaria<\/td><td class=\"column-2\">\u00a35,000<\/td><td class=\"column-3\">\u20ac 7,500<\/td><td class=\"column-4\">$8,000<\/td>\n<\/tr>\n<tr class=\"row-3\">\n\t<td class=\"column-1\">Importe m\u00e1ximo de carga mensual<\/td><td class=\"column-2\">\u00a375,000<\/td><td class=\"column-3\">\u20ac 100,000<\/td><td class=\"column-4\">$125,000<\/td>\n<\/tr>\n<tr class=\"row-4\">\n\t<td class=\"column-1\">Importe m\u00e1ximo de carga anual<\/td><td class=\"column-2\">\u00a375,000<\/td><td class=\"column-3\">\u20ac 100,000<\/td><td class=\"column-4\">$125,000<\/td>\n<\/tr>\n<tr class=\"row-5\">\n\t<td class=\"column-1\">L\u00edmite saldo de la tarjeta<\/td><td class=\"column-2\">\u00a35,000<br \/>\n<\/td><td class=\"column-3\">\u20ac 7,500<\/td><td class=\"column-4\">$8,000<\/td>\n<\/tr>\n<tr class=\"row-6\">\n\t<td class=\"column-1\">L\u00edmite diario m\u00e1ximo ATM <\/td><td class=\"column-2\">\u00a31,000<\/td><td class=\"column-3\">\u20ac 1,000<\/td><td class=\"column-4\">$1,000<\/td>\n<\/tr>\n<tr class=\"row-7\">\n\t<td class=\"column-1\">L\u00edmite anual m\u00e1ximo ATM<\/td><td class=\"column-2\">\u00a375,000<\/td><td class=\"column-3\">\u20ac 75,000<\/td><td class=\"column-4\">$75,000<\/td>\n<\/tr>\n<\/tbody>\n<\/table>\n<!-- #tablepress-7 from cache -->\n<\/div><div class=\"fusion-title title fusion-title-5 fusion-sep-none fusion-title-text fusion-title-size-five\" style=\"--awb-margin-top:30px;--awb-margin-bottom:22px;--awb-font-size:23px;\"><h5 class=\"fusion-title-heading title-heading-left fusion-responsive-typography-calculated\" style=\"margin:0;font-size:1em;--fontSize:23;--minFontSize:23;line-height:1.5;\">L\u00edmites m\u00e1ximos solo por excepci\u00f3n<\/h5><\/div><div class=\"fusion-text fusion-text-4\">\n<table id=\"tablepress-8\" class=\"tablepress tablepress-id-8\">\n<thead>\n<tr class=\"row-1\">\n\t<td class=\"column-1\"><\/td><th class=\"column-2\">GBP<\/th><th class=\"column-3\">EUR<\/th><th class=\"column-4\">USD<\/th>\n<\/tr>\n<\/thead>\n<tbody class=\"row-striping\">\n<tr class=\"row-2\">\n\t<td class=\"column-1\">Cantidad m\u00e1xima de carga diaria<\/td><td class=\"column-2\">\u00a325,000<\/td><td class=\"column-3\">\u20ac 25,000<\/td><td class=\"column-4\">$25,000<\/td>\n<\/tr>\n<tr class=\"row-3\">\n\t<td class=\"column-1\">Importe m\u00e1ximo de carga mensual<\/td><td class=\"column-2\">\u00a3150,000<\/td><td class=\"column-3\">\u20ac 200,000<\/td><td class=\"column-4\">$250,000<\/td>\n<\/tr>\n<tr class=\"row-4\">\n\t<td class=\"column-1\">Importe m\u00e1ximo de carga anual<\/td><td class=\"column-2\">\u00a3150,000<\/td><td class=\"column-3\">\u20ac 200,000<\/td><td class=\"column-4\">$250,000<\/td>\n<\/tr>\n<tr class=\"row-5\">\n\t<td class=\"column-1\">L\u00edmite de saldo de la tarjeta<\/td><td class=\"column-2\">\u00a35,000<br \/>\n<\/td><td class=\"column-3\">\u20ac 7,500<\/td><td class=\"column-4\">$8,000<\/td>\n<\/tr>\n<tr class=\"row-6\">\n\t<td class=\"column-1\">L\u00edmite diario m\u00e1ximo ATM <\/td><td class=\"column-2\">\u00a32,000<\/td><td class=\"column-3\">\u20ac 2,000<\/td><td class=\"column-4\">$2,000<\/td>\n<\/tr>\n<tr class=\"row-7\">\n\t<td class=\"column-1\">L\u00edmite anual m\u00e1ximo ATM<\/td><td class=\"column-2\">\u00a3150,000<\/td><td class=\"column-3\">\u20ac 200,000<\/td><td class=\"column-4\">$250,000<\/td>\n<\/tr>\n<\/tbody>\n<\/table>\n<!-- #tablepress-8 from cache -->\n<\/div><div class=\"fusion-clearfix\"><\/div><\/div><\/div><\/div><\/div><div class=\"fusion-fullwidth fullwidth-box fusion-builder-row-2 nonhundred-percent-fullwidth non-hundred-percent-height-scrolling\" style=\"--awb-background-position:left top;--awb-border-radius-top-left:0px;--awb-border-radius-top-right:0px;--awb-border-radius-bottom-right:0px;--awb-border-radius-bottom-left:0px;--awb-padding-top:0px;--awb-padding-bottom:30px;--awb-background-color:#f9f9f9;--awb-border-sizes-top:0px;--awb-border-sizes-bottom:0px;--awb-flex-wrap:wrap;\" ><div class=\"fusion-builder-row fusion-row\"><div class=\"fusion-layout-column fusion_builder_column fusion-builder-column-1 fusion_builder_column_1_1 1_1 fusion-one-full fusion-column-first fusion-column-last\" style=\"--awb-bg-size:cover;--awb-margin-bottom:80px;\"><div class=\"fusion-column-wrapper fusion-flex-column-wrapper-legacy\"><div class=\"fusion-section-separator section-separator curved fusion-section-separator-1\" style=\"--awb-spacer-height:99px;--awb-svg-margin-left:0;--awb-svg-margin-right:0;--awb-divider-height:99px;--awb-spacer-padding-top:inherit;--awb-sep-padding:0;--awb-svg-padding:0;\"><div class=\"fusion-section-separator-svg\"><svg class=\"fusion-curved-candy\" xmlns=\"http:\/\/www.w3.org\/2000\/svg\" version=\"1.1\" width=\"100%\" height=\"100\" viewBox=\"0 0 100 100\" preserveAspectRatio=\"none\" fill=\"rgba(255,255,255,1)\"><path d=\"M0 0 C 50 100 80 100 100 0 Z\"><\/path><\/svg><\/div><div class=\"fusion-section-separator-spacer\"><div class=\"fusion-section-separator-spacer-height\"><\/div><\/div><\/div><div class=\"fusion-clearfix\"><\/div><\/div><\/div><\/div><\/div><div class=\"fusion-fullwidth fullwidth-box fusion-builder-row-3 nonhundred-percent-fullwidth non-hundred-percent-height-scrolling fusion-equal-height-columns\" style=\"--awb-border-radius-top-left:0px;--awb-border-radius-top-right:0px;--awb-border-radius-bottom-right:0px;--awb-border-radius-bottom-left:0px;--awb-padding-bottom:50px;--awb-background-color:#f9f9f9;--awb-flex-wrap:wrap;\" ><div class=\"fusion-builder-row fusion-row\"><div class=\"fusion-layout-column fusion_builder_column fusion-builder-column-2 fusion_builder_column_1_5 1_5 fusion-one-fifth fusion-column-first\" style=\"--awb-bg-size:cover;width:20%;width:calc(20% - ( ( 4% ) * 0.2 ) );margin-right: 4%;\"><div class=\"fusion-column-wrapper fusion-flex-column-wrapper-legacy\"><div class=\"fusion-column-content-centered\"><div class=\"fusion-column-content\"><div class=\"fusion-image-element fusion-image-align-center in-legacy-container\" style=\"text-align:center;--awb-max-width:250px;--awb-caption-title-font-family:var(--h2_typography-font-family);--awb-caption-title-font-weight:var(--h2_typography-font-weight);--awb-caption-title-font-style:var(--h2_typography-font-style);--awb-caption-title-size:var(--h2_typography-font-size);--awb-caption-title-transform:var(--h2_typography-text-transform);--awb-caption-title-line-height:var(--h2_typography-line-height);--awb-caption-title-letter-spacing:var(--h2_typography-letter-spacing);\"><div class=\"imageframe-align-center\"><span class=\" fusion-imageframe imageframe-none imageframe-1 hover-type-none\" style=\"border:1px solid #adadad;border-radius:50%;\"><img decoding=\"async\" width=\"451\" height=\"451\" title=\"cardholder\" src=\"https:\/\/www.emoneyflow.com\/wp-content\/uploads\/2018\/12\/cardholder.jpg\" alt class=\"img-responsive wp-image-2382\" srcset=\"https:\/\/www.emoneyflow.com\/wp-content\/uploads\/2018\/12\/cardholder-200x200.jpg 200w, https:\/\/www.emoneyflow.com\/wp-content\/uploads\/2018\/12\/cardholder-400x400.jpg 400w, https:\/\/www.emoneyflow.com\/wp-content\/uploads\/2018\/12\/cardholder.jpg 451w\" sizes=\"(max-width: 800px) 100vw, 400px\" \/><\/span><\/div><\/div><\/div><\/div><div class=\"fusion-clearfix\"><\/div><\/div><\/div><div class=\"fusion-layout-column fusion_builder_column fusion-builder-column-3 fusion_builder_column_1_2 1_2 fusion-one-half fusion-column-last\" style=\"--awb-bg-size:cover;width:50%;width:calc(50% - ( ( 4% ) * 0.5 ) );\"><div class=\"fusion-column-wrapper fusion-flex-column-wrapper-legacy\"><div class=\"fusion-column-content-centered\"><div class=\"fusion-column-content\"><div class=\"fusion-text fusion-text-5\"><p><span style=\"font-size: 22px;\">\u00a1eMoneyFlow MasterCard es totalmente gratuito para todos los titulares de tarjetas!<\/span><\/p>\n<p>Para m\u00e1s preguntas, por favor visite nuestra\u00a0<a style=\"white-space: nowrap;\" href=\"https:\/\/www.emoneyflow.com\/faq\/\">secci\u00f3n FAQ<\/a>.<\/p>\n<\/div><\/div><\/div><div class=\"fusion-clearfix\"><\/div><\/div><\/div><\/div><\/div><div class=\"fusion-bg-parallax\" data-bg-align=\"center center\" data-direction=\"right\" data-mute=\"false\" data-opacity=\"100\" data-velocity=\"-1\" data-mobile-enabled=\"false\" data-break_parents=\"0\" data-bg-image=\"https:\/\/www.emoneyflow.com\/wp-content\/uploads\/2018\/12\/call-to-action.jpg\" data-bg-repeat=\"false\" ><\/div><div class=\"fusion-fullwidth fullwidth-box fusion-builder-row-4 fusion-parallax-right nonhundred-percent-fullwidth non-hundred-percent-height-scrolling\" style=\"--awb-border-radius-top-left:0px;--awb-border-radius-top-right:0px;--awb-border-radius-bottom-right:0px;--awb-border-radius-bottom-left:0px;--awb-padding-top:0px;--awb-padding-right:0px;--awb-padding-bottom:0px;--awb-padding-left:0px;--awb-margin-top:0px;--awb-margin-bottom:0px;--awb-background-image:url(&quot;https:\/\/www.emoneyflow.com\/wp-content\/uploads\/2018\/12\/call-to-action.jpg&quot;);--awb-background-size:cover;--awb-flex-wrap:wrap;\" ><div class=\"fusion-builder-row fusion-row\"><div class=\"fusion-layout-column fusion_builder_column fusion-builder-column-4 fusion_builder_column_1_1 1_1 fusion-one-full fusion-column-first fusion-column-last\" style=\"--awb-bg-size:cover;--awb-margin-bottom:110px;\"><div class=\"fusion-column-wrapper fusion-flex-column-wrapper-legacy\"><div class=\"fusion-section-separator section-separator curved fusion-section-separator-2\" style=\"--awb-spacer-height:99px;--awb-svg-margin-left:0;--awb-svg-margin-right:0;--awb-divider-height:99px;--awb-spacer-padding-top:inherit;--awb-sep-padding:0;--awb-svg-padding:0;\"><div class=\"fusion-section-separator-svg\"><svg class=\"fusion-curved-candy\" xmlns=\"http:\/\/www.w3.org\/2000\/svg\" version=\"1.1\" width=\"100%\" height=\"100\" viewBox=\"0 0 100 100\" preserveAspectRatio=\"none\" fill=\"rgba(249,249,249,1)\"><path d=\"M0 0 C 50 100 80 100 100 0 Z\"><\/path><\/svg><\/div><div class=\"fusion-section-separator-spacer\"><div class=\"fusion-section-separator-spacer-height\"><\/div><\/div><\/div><div class=\"fusion-clearfix\"><\/div><\/div><\/div><div class=\"fusion-layout-column fusion_builder_column fusion-builder-column-5 fusion_builder_column_1_6 1_6 fusion-one-sixth fusion-column-first\" style=\"--awb-bg-size:cover;width:16.666666666667%;width:calc(16.666666666667% - ( ( 4% + 4% ) * 0.16666666666667 ) );margin-right: 4%;\"><div class=\"fusion-column-wrapper fusion-flex-column-wrapper-legacy\"><div class=\"fusion-clearfix\"><\/div><\/div><\/div><div class=\"fusion-layout-column fusion_builder_column fusion-builder-column-6 fusion_builder_column_2_3 2_3 fusion-two-third\" style=\"--awb-bg-size:cover;width:66.666666666667%;width:calc(66.666666666667% - ( ( 4% + 4% ) * 0.66666666666667 ) );margin-right: 4%;\"><div class=\"fusion-column-wrapper fusion-flex-column-wrapper-legacy\"><div class=\"fusion-title title fusion-title-6 fusion-sep-none fusion-title-center fusion-title-text fusion-title-size-two\" style=\"--awb-text-color:#ffffff;--awb-margin-bottom:20px;--awb-font-size:48px;\"><h2 class=\"fusion-title-heading title-heading-center fusion-responsive-typography-calculated\" style=\"margin:0;font-size:1em;--fontSize:48;line-height:1.5;\">Reg\u00edstrese ahora para simplificar sus pagos<\/h2><\/div><div class=\"fusion-text fusion-text-6 cta_subline\"><p style=\"text-align: center;\"><span style=\"color: #ffffff;\">Descubra la forma m\u00e1s rentable de realizar sus pagos<\/span><\/p>\n<\/div><div class=\"fusion-sep-clear\"><\/div><div class=\"fusion-separator fusion-full-width-sep\" style=\"margin-left: auto;margin-right: auto;margin-bottom:10px;width:100%;\"><\/div><div class=\"fusion-sep-clear\"><\/div><div class=\"fusion-aligncenter\"><a class=\"fusion-button button-flat fusion-button-default-size button-default fusion-button-default button-1 fusion-button-default-span fusion-button-default-type\" target=\"_self\" href=\"https:\/\/www.emoneyflow.com\/register-merchant\/\"><span class=\"fusion-button-text\">Registro<\/span><\/a><\/div><div class=\"fusion-clearfix\"><\/div><\/div><\/div><div class=\"fusion-layout-column fusion_builder_column fusion-builder-column-7 fusion_builder_column_1_6 1_6 fusion-one-sixth fusion-column-last\" style=\"--awb-bg-size:cover;width:16.666666666667%;width:calc(16.666666666667% - ( ( 4% + 4% ) * 0.16666666666667 ) );\"><div class=\"fusion-column-wrapper fusion-flex-column-wrapper-legacy\"><div class=\"fusion-clearfix\"><\/div><\/div><\/div><div class=\"fusion-layout-column fusion_builder_column fusion-builder-column-8 fusion_builder_column_1_1 1_1 fusion-one-full fusion-column-first fusion-column-last\" style=\"--awb-padding-top:100px;--awb-bg-size:cover;--awb-margin-bottom:0px;\"><div class=\"fusion-column-wrapper fusion-flex-column-wrapper-legacy\"><div class=\"fusion-section-separator section-separator curved fusion-section-separator-3\" style=\"--awb-spacer-height:99px;--awb-svg-margin-left:0;--awb-svg-margin-right:0;--awb-divider-height:99px;--awb-spacer-padding-top:inherit;--awb-sep-padding:0;--awb-svg-padding:0;\"><div class=\"fusion-section-separator-svg\"><svg class=\"fusion-curved-candy\" xmlns=\"http:\/\/www.w3.org\/2000\/svg\" version=\"1.1\" width=\"100%\" height=\"100\" viewBox=\"0 0 100 100\" preserveAspectRatio=\"none\" fill=\"rgba(5,36,63,1)\"><path d=\"M0 100 C 60 0 75 0 100 100 Z\"><\/path><\/svg><\/div><div class=\"fusion-section-separator-spacer\"><div class=\"fusion-section-separator-spacer-height\"><\/div><\/div><\/div><div class=\"fusion-clearfix\"><\/div><\/div><\/div><\/div><\/div><\/p>\n","protected":false},"excerpt":{"rendered":"","protected":false},"author":2,"featured_media":0,"parent":0,"menu_order":0,"comment_status":"closed","ping_status":"closed","template":"100-width.php","meta":{"footnotes":""},"class_list":["post-2381","page","type-page","status-publish","hentry"],"yoast_head":"<!-- This site is optimized with the Yoast SEO plugin v25.1 - https:\/\/yoast.com\/wordpress\/plugins\/seo\/ -->\n<title>MasterCard - eMoneyFlow<\/title>\n<meta name=\"robots\" content=\"index, follow, max-snippet:-1, max-image-preview:large, max-video-preview:-1\" \/>\n<link rel=\"canonical\" href=\"https:\/\/www.emoneyflow.com\/es\/mastercard\/\" \/>\n<meta property=\"og:locale\" content=\"es_ES\" \/>\n<meta property=\"og:type\" content=\"article\" \/>\n<meta property=\"og:title\" content=\"MasterCard - eMoneyFlow\" \/>\n<meta property=\"og:url\" content=\"https:\/\/www.emoneyflow.com\/es\/mastercard\/\" \/>\n<meta property=\"og:site_name\" content=\"eMoneyFlow\" \/>\n<meta property=\"article:modified_time\" content=\"2020-09-02T11:09:54+00:00\" \/>\n<meta name=\"twitter:card\" content=\"summary_large_image\" \/>\n<meta name=\"twitter:label1\" content=\"Tiempo de lectura\" \/>\n\t<meta name=\"twitter:data1\" content=\"11 minutos\" \/>\n<script type=\"application\/ld+json\" class=\"yoast-schema-graph\">{\"@context\":\"https:\/\/schema.org\",\"@graph\":[{\"@type\":\"WebPage\",\"@id\":\"https:\/\/www.emoneyflow.com\/es\/mastercard\/\",\"url\":\"https:\/\/www.emoneyflow.com\/es\/mastercard\/\",\"name\":\"MasterCard - eMoneyFlow\",\"isPartOf\":{\"@id\":\"https:\/\/www.emoneyflow.com\/es\/#website\"},\"datePublished\":\"2018-12-07T16:26:56+00:00\",\"dateModified\":\"2020-09-02T11:09:54+00:00\",\"breadcrumb\":{\"@id\":\"https:\/\/www.emoneyflow.com\/es\/mastercard\/#breadcrumb\"},\"inLanguage\":\"es\",\"potentialAction\":[{\"@type\":\"ReadAction\",\"target\":[\"https:\/\/www.emoneyflow.com\/es\/mastercard\/\"]}]},{\"@type\":\"BreadcrumbList\",\"@id\":\"https:\/\/www.emoneyflow.com\/es\/mastercard\/#breadcrumb\",\"itemListElement\":[{\"@type\":\"ListItem\",\"position\":1,\"name\":\"Home\",\"item\":\"https:\/\/www.emoneyflow.com\/es\/\"},{\"@type\":\"ListItem\",\"position\":2,\"name\":\"MasterCard\"}]},{\"@type\":\"WebSite\",\"@id\":\"https:\/\/www.emoneyflow.com\/es\/#website\",\"url\":\"https:\/\/www.emoneyflow.com\/es\/\",\"name\":\"eMoneyFlow\",\"description\":\"The most cost-effective way when paying people\",\"potentialAction\":[{\"@type\":\"SearchAction\",\"target\":{\"@type\":\"EntryPoint\",\"urlTemplate\":\"https:\/\/www.emoneyflow.com\/es\/?s={search_term_string}\"},\"query-input\":{\"@type\":\"PropertyValueSpecification\",\"valueRequired\":true,\"valueName\":\"search_term_string\"}}],\"inLanguage\":\"es\"}]}<\/script>\n<!-- \/ Yoast SEO plugin. -->","yoast_head_json":{"title":"MasterCard - eMoneyFlow","robots":{"index":"index","follow":"follow","max-snippet":"max-snippet:-1","max-image-preview":"max-image-preview:large","max-video-preview":"max-video-preview:-1"},"canonical":"https:\/\/www.emoneyflow.com\/es\/mastercard\/","og_locale":"es_ES","og_type":"article","og_title":"MasterCard - eMoneyFlow","og_url":"https:\/\/www.emoneyflow.com\/es\/mastercard\/","og_site_name":"eMoneyFlow","article_modified_time":"2020-09-02T11:09:54+00:00","twitter_card":"summary_large_image","twitter_misc":{"Tiempo de lectura":"11 minutos"},"schema":{"@context":"https:\/\/schema.org","@graph":[{"@type":"WebPage","@id":"https:\/\/www.emoneyflow.com\/es\/mastercard\/","url":"https:\/\/www.emoneyflow.com\/es\/mastercard\/","name":"MasterCard - eMoneyFlow","isPartOf":{"@id":"https:\/\/www.emoneyflow.com\/es\/#website"},"datePublished":"2018-12-07T16:26:56+00:00","dateModified":"2020-09-02T11:09:54+00:00","breadcrumb":{"@id":"https:\/\/www.emoneyflow.com\/es\/mastercard\/#breadcrumb"},"inLanguage":"es","potentialAction":[{"@type":"ReadAction","target":["https:\/\/www.emoneyflow.com\/es\/mastercard\/"]}]},{"@type":"BreadcrumbList","@id":"https:\/\/www.emoneyflow.com\/es\/mastercard\/#breadcrumb","itemListElement":[{"@type":"ListItem","position":1,"name":"Home","item":"https:\/\/www.emoneyflow.com\/es\/"},{"@type":"ListItem","position":2,"name":"MasterCard"}]},{"@type":"WebSite","@id":"https:\/\/www.emoneyflow.com\/es\/#website","url":"https:\/\/www.emoneyflow.com\/es\/","name":"eMoneyFlow","description":"The most cost-effective way when paying people","potentialAction":[{"@type":"SearchAction","target":{"@type":"EntryPoint","urlTemplate":"https:\/\/www.emoneyflow.com\/es\/?s={search_term_string}"},"query-input":{"@type":"PropertyValueSpecification","valueRequired":true,"valueName":"search_term_string"}}],"inLanguage":"es"}]}},"_links":{"self":[{"href":"https:\/\/www.emoneyflow.com\/es\/wp-json\/wp\/v2\/pages\/2381"}],"collection":[{"href":"https:\/\/www.emoneyflow.com\/es\/wp-json\/wp\/v2\/pages"}],"about":[{"href":"https:\/\/www.emoneyflow.com\/es\/wp-json\/wp\/v2\/types\/page"}],"author":[{"embeddable":true,"href":"https:\/\/www.emoneyflow.com\/es\/wp-json\/wp\/v2\/users\/2"}],"replies":[{"embeddable":true,"href":"https:\/\/www.emoneyflow.com\/es\/wp-json\/wp\/v2\/comments?post=2381"}],"version-history":[{"count":5,"href":"https:\/\/www.emoneyflow.com\/es\/wp-json\/wp\/v2\/pages\/2381\/revisions"}],"predecessor-version":[{"id":3039,"href":"https:\/\/www.emoneyflow.com\/es\/wp-json\/wp\/v2\/pages\/2381\/revisions\/3039"}],"wp:attachment":[{"href":"https:\/\/www.emoneyflow.com\/es\/wp-json\/wp\/v2\/media?parent=2381"}],"curies":[{"name":"wp","href":"https:\/\/api.w.org\/{rel}","templated":true}]}}