{"id":2980,"date":"2020-06-03T11:12:29","date_gmt":"2020-06-03T09:12:29","guid":{"rendered":"https:\/\/www.emoneyflow.com\/register-confirmation\/"},"modified":"2020-06-04T18:32:10","modified_gmt":"2020-06-04T16:32:10","slug":"register-confirmation","status":"publish","type":"page","link":"https:\/\/www.emoneyflow.com\/cs\/register-confirmation\/","title":{"rendered":"Register Confirmation"},"content":{"rendered":"<p><div class=\"fusion-fullwidth fullwidth-box fusion-builder-row-1 nonhundred-percent-fullwidth non-hundred-percent-height-scrolling\" style=\"--awb-border-radius-top-left:0px;--awb-border-radius-top-right:0px;--awb-border-radius-bottom-right:0px;--awb-border-radius-bottom-left:0px;--awb-padding-top:80px;--awb-flex-wrap:wrap;\" ><div class=\"fusion-builder-row fusion-row\"><div class=\"fusion-layout-column fusion_builder_column fusion-builder-column-0 fusion_builder_column_1_3 1_3 fusion-one-third fusion-column-first hl-max-width\" style=\"--awb-bg-size:cover;width:33.333333333333%;width:calc(33.333333333333% - ( ( 60px ) * 0.33333333333333 ) );margin-right: 60px;\"><div class=\"fusion-column-wrapper fusion-column-has-shadow fusion-flex-column-wrapper-legacy\"><div class=\"fusion-title title fusion-title-1 fusion-sep-none fusion-title-text fusion-title-size-one\"><h1 class=\"fusion-title-heading title-heading-left fusion-responsive-typography-calculated\" style=\"margin:0;--fontSize:48;line-height:1.3;\">Thank you for your registration<\/h1><\/div><div class=\"fusion-clearfix\"><\/div><\/div><\/div><div class=\"fusion-layout-column fusion_builder_column fusion-builder-column-1 fusion_builder_column_2_3 2_3 fusion-two-third fusion-column-last\" style=\"--awb-bg-size:cover;width:66.666666666667%;width:calc(66.666666666667% - ( ( 60px ) * 0.66666666666667 ) );\"><div class=\"fusion-column-wrapper fusion-column-has-shadow fusion-flex-column-wrapper-legacy\"><div class=\"fusion-sep-clear\"><\/div><div class=\"fusion-separator fusion-clearfix\" style=\"float:left;margin-top:13px;margin-bottom:60px;width:100%;max-width:100px;\"><div class=\"fusion-separator-border sep-single sep-solid\" style=\"--awb-height:20px;--awb-amount:20px;--awb-sep-color:#213d65;border-color:#213d65;border-top-width:2px;\"><\/div><\/div><div class=\"fusion-sep-clear\"><\/div><div class=\"fusion-text fusion-text-1\"><p>Va\u0161e registrace dr\u017eitele karty byla <strong>\u00fasp\u011b\u0161n\u011b<\/strong> nahr\u00e1na.<\/p>\n<p><strong>Va\u0161i kartu eMoneyFlow obdr\u017e\u00edte za 7-10 dn\u00ed.<\/strong><\/p>\n<p>Pokud m\u00e1te dal\u0161\u00ed dotazy, nev\u00e1hejte n\u00e1s kontaktovat na adrese <a href=\"mailto:support@emoneyflow.com\">support@emoneyflow.com<\/a>.<\/p>\n<p>S p\u0159\u00e1telsk\u00fdm pozdravem,<br \/>\n<em>V\u00e1\u0161 t\u00fdm podpory eMoneyFlow<\/em><\/p>\n<\/div><div class=\"fusion-clearfix\"><\/div><\/div><\/div><\/div><\/div><div class=\"fusion-fullwidth fullwidth-box fusion-builder-row-2 nonhundred-percent-fullwidth non-hundred-percent-height-scrolling\" style=\"--awb-border-radius-top-left:0px;--awb-border-radius-top-right:0px;--awb-border-radius-bottom-right:0px;--awb-border-radius-bottom-left:0px;--awb-padding-top:0px;--awb-padding-right:0px;--awb-padding-bottom:0px;--awb-padding-left:0px;--awb-margin-top:50px;--awb-margin-bottom:0px;--awb-flex-wrap:wrap;\" ><div class=\"fusion-builder-row fusion-row\"><div class=\"fusion-layout-column fusion_builder_column fusion-builder-column-2 fusion_builder_column_1_1 1_1 fusion-one-full fusion-column-first fusion-column-last\" style=\"--awb-padding-top:100px;--awb-bg-blend:overlay;--awb-bg-size:cover;--awb-margin-bottom:0px;\"><div class=\"fusion-column-wrapper fusion-flex-column-wrapper-legacy\"><div class=\"fusion-section-separator section-separator curved fusion-section-separator-1\" style=\"--awb-spacer-height:99px;--awb-svg-margin-left:0;--awb-svg-margin-right:0;--awb-divider-height:99px;--awb-spacer-padding-top:inherit;--awb-sep-padding:0;--awb-svg-padding:0;\"><div class=\"fusion-section-separator-svg\"><svg class=\"fusion-curved-candy\" xmlns=\"http:\/\/www.w3.org\/2000\/svg\" version=\"1.1\" width=\"100%\" height=\"100\" viewBox=\"0 0 100 100\" preserveAspectRatio=\"none\" fill=\"rgba(5,36,63,1)\"><path d=\"M0 100 C 60 0 75 0 100 100 Z\"><\/path><\/svg><\/div><div class=\"fusion-section-separator-spacer\"><div class=\"fusion-section-separator-spacer-height\"><\/div><\/div><\/div><div class=\"fusion-clearfix\"><\/div><\/div><\/div><\/div><\/div>\n<\/p>\n","protected":false},"excerpt":{"rendered":"","protected":false},"author":2,"featured_media":0,"parent":0,"menu_order":0,"comment_status":"closed","ping_status":"closed","template":"100-width.php","meta":{"footnotes":""},"class_list":["post-2980","page","type-page","status-publish","hentry"],"yoast_head":"<!-- This site is optimized with the Yoast SEO plugin v25.1 - https:\/\/yoast.com\/wordpress\/plugins\/seo\/ -->\n<title>Register Confirmation - eMoneyFlow<\/title>\n<meta name=\"robots\" content=\"index, follow, max-snippet:-1, max-image-preview:large, max-video-preview:-1\" \/>\n<link rel=\"canonical\" href=\"https:\/\/www.emoneyflow.com\/cs\/register-confirmation\/\" \/>\n<meta property=\"og:locale\" content=\"cs_CZ\" \/>\n<meta property=\"og:type\" content=\"article\" \/>\n<meta property=\"og:title\" content=\"Register Confirmation - eMoneyFlow\" \/>\n<meta property=\"og:url\" content=\"https:\/\/www.emoneyflow.com\/cs\/register-confirmation\/\" \/>\n<meta property=\"og:site_name\" content=\"eMoneyFlow\" \/>\n<meta property=\"article:modified_time\" content=\"2020-06-04T16:32:10+00:00\" \/>\n<meta name=\"twitter:card\" content=\"summary_large_image\" \/>\n<meta name=\"twitter:label1\" content=\"Odhadovan\u00e1 doba \u010dten\u00ed\" \/>\n\t<meta name=\"twitter:data1\" content=\"4 minuty\" \/>\n<script type=\"application\/ld+json\" class=\"yoast-schema-graph\">{\"@context\":\"https:\/\/schema.org\",\"@graph\":[{\"@type\":\"WebPage\",\"@id\":\"https:\/\/www.emoneyflow.com\/cs\/register-confirmation\/\",\"url\":\"https:\/\/www.emoneyflow.com\/cs\/register-confirmation\/\",\"name\":\"Register Confirmation - eMoneyFlow\",\"isPartOf\":{\"@id\":\"https:\/\/www.emoneyflow.com\/cs\/#website\"},\"datePublished\":\"2020-06-03T09:12:29+00:00\",\"dateModified\":\"2020-06-04T16:32:10+00:00\",\"breadcrumb\":{\"@id\":\"https:\/\/www.emoneyflow.com\/cs\/register-confirmation\/#breadcrumb\"},\"inLanguage\":\"cs\",\"potentialAction\":[{\"@type\":\"ReadAction\",\"target\":[\"https:\/\/www.emoneyflow.com\/cs\/register-confirmation\/\"]}]},{\"@type\":\"BreadcrumbList\",\"@id\":\"https:\/\/www.emoneyflow.com\/cs\/register-confirmation\/#breadcrumb\",\"itemListElement\":[{\"@type\":\"ListItem\",\"position\":1,\"name\":\"Home\",\"item\":\"https:\/\/www.emoneyflow.com\/cs\/\"},{\"@type\":\"ListItem\",\"position\":2,\"name\":\"Register Confirmation\"}]},{\"@type\":\"WebSite\",\"@id\":\"https:\/\/www.emoneyflow.com\/cs\/#website\",\"url\":\"https:\/\/www.emoneyflow.com\/cs\/\",\"name\":\"eMoneyFlow\",\"description\":\"The most cost-effective way when paying people\",\"potentialAction\":[{\"@type\":\"SearchAction\",\"target\":{\"@type\":\"EntryPoint\",\"urlTemplate\":\"https:\/\/www.emoneyflow.com\/cs\/?s={search_term_string}\"},\"query-input\":{\"@type\":\"PropertyValueSpecification\",\"valueRequired\":true,\"valueName\":\"search_term_string\"}}],\"inLanguage\":\"cs\"}]}<\/script>\n<!-- \/ Yoast SEO plugin. -->","yoast_head_json":{"title":"Register Confirmation - eMoneyFlow","robots":{"index":"index","follow":"follow","max-snippet":"max-snippet:-1","max-image-preview":"max-image-preview:large","max-video-preview":"max-video-preview:-1"},"canonical":"https:\/\/www.emoneyflow.com\/cs\/register-confirmation\/","og_locale":"cs_CZ","og_type":"article","og_title":"Register Confirmation - eMoneyFlow","og_url":"https:\/\/www.emoneyflow.com\/cs\/register-confirmation\/","og_site_name":"eMoneyFlow","article_modified_time":"2020-06-04T16:32:10+00:00","twitter_card":"summary_large_image","twitter_misc":{"Odhadovan\u00e1 doba \u010dten\u00ed":"4 minuty"},"schema":{"@context":"https:\/\/schema.org","@graph":[{"@type":"WebPage","@id":"https:\/\/www.emoneyflow.com\/cs\/register-confirmation\/","url":"https:\/\/www.emoneyflow.com\/cs\/register-confirmation\/","name":"Register Confirmation - eMoneyFlow","isPartOf":{"@id":"https:\/\/www.emoneyflow.com\/cs\/#website"},"datePublished":"2020-06-03T09:12:29+00:00","dateModified":"2020-06-04T16:32:10+00:00","breadcrumb":{"@id":"https:\/\/www.emoneyflow.com\/cs\/register-confirmation\/#breadcrumb"},"inLanguage":"cs","potentialAction":[{"@type":"ReadAction","target":["https:\/\/www.emoneyflow.com\/cs\/register-confirmation\/"]}]},{"@type":"BreadcrumbList","@id":"https:\/\/www.emoneyflow.com\/cs\/register-confirmation\/#breadcrumb","itemListElement":[{"@type":"ListItem","position":1,"name":"Home","item":"https:\/\/www.emoneyflow.com\/cs\/"},{"@type":"ListItem","position":2,"name":"Register Confirmation"}]},{"@type":"WebSite","@id":"https:\/\/www.emoneyflow.com\/cs\/#website","url":"https:\/\/www.emoneyflow.com\/cs\/","name":"eMoneyFlow","description":"The most cost-effective way when paying people","potentialAction":[{"@type":"SearchAction","target":{"@type":"EntryPoint","urlTemplate":"https:\/\/www.emoneyflow.com\/cs\/?s={search_term_string}"},"query-input":{"@type":"PropertyValueSpecification","valueRequired":true,"valueName":"search_term_string"}}],"inLanguage":"cs"}]}},"_links":{"self":[{"href":"https:\/\/www.emoneyflow.com\/cs\/wp-json\/wp\/v2\/pages\/2980"}],"collection":[{"href":"https:\/\/www.emoneyflow.com\/cs\/wp-json\/wp\/v2\/pages"}],"about":[{"href":"https:\/\/www.emoneyflow.com\/cs\/wp-json\/wp\/v2\/types\/page"}],"author":[{"embeddable":true,"href":"https:\/\/www.emoneyflow.com\/cs\/wp-json\/wp\/v2\/users\/2"}],"replies":[{"embeddable":true,"href":"https:\/\/www.emoneyflow.com\/cs\/wp-json\/wp\/v2\/comments?post=2980"}],"version-history":[{"count":3,"href":"https:\/\/www.emoneyflow.com\/cs\/wp-json\/wp\/v2\/pages\/2980\/revisions"}],"predecessor-version":[{"id":2986,"href":"https:\/\/www.emoneyflow.com\/cs\/wp-json\/wp\/v2\/pages\/2980\/revisions\/2986"}],"wp:attachment":[{"href":"https:\/\/www.emoneyflow.com\/cs\/wp-json\/wp\/v2\/media?parent=2980"}],"curies":[{"name":"wp","href":"https:\/\/api.w.org\/{rel}","templated":true}]}}